{"id":12278,"date":"2025-11-07T08:22:23","date_gmt":"2025-11-07T07:22:23","guid":{"rendered":"https:\/\/tubilet.online\/tsuru\/?post_type=product&#038;p=12278"},"modified":"2025-12-04T10:37:38","modified_gmt":"2025-12-04T09:37:38","slug":"t-shirt-aicon","status":"publish","type":"product","link":"https:\/\/tubilet.online\/tsuru\/produkt\/t-shirt-aicon\/","title":{"rendered":"T-Shirt Tsuru"},"content":{"rendered":"","protected":false},"excerpt":{"rendered":"<h6><strong><span style=\"vertical-align: inherit;\"><span style=\"vertical-align: inherit;\"><span dir=\"auto\" style=\"vertical-align: inherit;\"><span dir=\"auto\" style=\"vertical-align: inherit;\"><span dir=\"auto\" style=\"vertical-align: inherit;\"><span dir=\"auto\" style=\"vertical-align: inherit;\">Koszulka konwentowa. <\/span><\/span><\/span><\/span><\/span><\/span><\/strong><br \/>\n<strong><span style=\"vertical-align: inherit;\"><span style=\"vertical-align: inherit;\"><span dir=\"auto\" style=\"vertical-align: inherit;\"><span dir=\"auto\" style=\"vertical-align: inherit;\"><span dir=\"auto\" style=\"vertical-align: inherit;\"><span dir=\"auto\" style=\"vertical-align: inherit;\">Koszulka b\u0119dzie do odebrania na miejscu festiwalu, nie wysy\u0142amy przed imprez\u0105. <\/span><\/span><\/span><\/span><\/span><\/span><\/strong><br \/>\n<strong><span style=\"vertical-align: inherit;\"><span style=\"vertical-align: inherit;\"><span dir=\"auto\" style=\"vertical-align: inherit;\"><span dir=\"auto\" style=\"vertical-align: inherit;\"><span dir=\"auto\" style=\"vertical-align: inherit;\"><span dir=\"auto\" style=\"vertical-align: inherit;\">Koszulka finalnie mo\u017ce si\u0119 r\u00f3\u017cni\u0107, tylko wizualizacja.<\/span><\/span><\/span><\/span><\/span><\/span><\/strong><\/h6>\n<p><strong><span style=\"vertical-align: inherit;\"><span style=\"vertical-align: inherit;\"><span dir=\"auto\" style=\"vertical-align: inherit;\"><span dir=\"auto\" style=\"vertical-align: inherit;\"><span dir=\"auto\" style=\"vertical-align: inherit;\"><span dir=\"auto\" style=\"vertical-align: inherit;\">Prosz\u0119 o rozwa\u017cny wyb\u00f3r rozmiaru<\/span><\/span><\/span><\/span><\/span><\/span><\/strong><span style=\"vertical-align: inherit;\"><span style=\"vertical-align: inherit;\"><span dir=\"auto\" style=\"vertical-align: inherit;\"><span dir=\"auto\" style=\"vertical-align: inherit;\"><span dir=\"auto\" style=\"vertical-align: inherit;\"><span dir=\"auto\" style=\"vertical-align: inherit;\">. Dost\u0119pno\u015b\u0107 jest ograniczona, nie obiecujemy, \u017ce b\u0119dzie mo\u017cliwo\u015b\u0107 wymiany.<\/span><\/span><\/span><\/span><\/span><\/span><\/p>\n<p><span style=\"vertical-align: inherit;\"><span style=\"vertical-align: inherit;\"><span dir=\"auto\" style=\"vertical-align: inherit;\"><span dir=\"auto\" style=\"vertical-align: inherit;\"><span dir=\"auto\" style=\"vertical-align: inherit;\"><span dir=\"auto\" style=\"vertical-align: inherit;\">Nak\u0142ad jest ograniczony, a zakup przed imprez\u0105 gwarantuje otrzymanie koszulki.<\/span><\/span><\/span><\/span><\/span><\/span><\/p>\n<p><span class=\"text-color-accent-3\"><b><span style=\"vertical-align: inherit;\"><span style=\"vertical-align: inherit;\"><span dir=\"auto\" style=\"vertical-align: inherit;\"><span dir=\"auto\" style=\"vertical-align: inherit;\"><span dir=\"auto\" style=\"vertical-align: inherit;\"><span dir=\"auto\" style=\"vertical-align: inherit;\">Wybierz odpowiedni wariant:<\/span><\/span><\/span><\/span><\/span><\/span><\/b><\/span><b><\/b><\/p>\n","protected":false},"featured_media":12325,"template":"","meta":[],"product_cat":[22,24],"product_tag":[23],"_links":{"self":[{"href":"https:\/\/tubilet.online\/tsuru\/wp-json\/wp\/v2\/product\/12278"}],"collection":[{"href":"https:\/\/tubilet.online\/tsuru\/wp-json\/wp\/v2\/product"}],"about":[{"href":"https:\/\/tubilet.online\/tsuru\/wp-json\/wp\/v2\/types\/product"}],"wp:featuredmedia":[{"embeddable":true,"href":"https:\/\/tubilet.online\/tsuru\/wp-json\/wp\/v2\/media\/12325"}],"wp:attachment":[{"href":"https:\/\/tubilet.online\/tsuru\/wp-json\/wp\/v2\/media?parent=12278"}],"wp:term":[{"taxonomy":"product_cat","embeddable":true,"href":"https:\/\/tubilet.online\/tsuru\/wp-json\/wp\/v2\/product_cat?post=12278"},{"taxonomy":"product_tag","embeddable":true,"href":"https:\/\/tubilet.online\/tsuru\/wp-json\/wp\/v2\/product_tag?post=12278"}],"curies":[{"name":"wp","href":"https:\/\/api.w.org\/{rel}","templated":true}]}}