{"id":879,"date":"2023-01-14T11:57:49","date_gmt":"2023-01-14T10:57:49","guid":{"rendered":"https:\/\/tubilet.online\/?page_id=879"},"modified":"2025-09-07T17:24:16","modified_gmt":"2025-09-07T15:24:16","slug":"polityka-prywatnosci","status":"publish","type":"page","link":"https:\/\/tubilet.online\/tsuru\/polityka-prywatnosci\/","title":{"rendered":"Polityk Prywatno\u015b\u0107"},"content":{"rendered":"<p>[vc_row][vc_column][vc_column_text]<\/p>\r\n<h2 class=\"wp-block-heading\" style=\"text-align: center;\">Polityka prywatno\u015bci<\/h2>\r\n<h4>Polityka prywatno\u015bci serwisu tubilet.online\/tsuru<\/h4>\r\n\r\n<ol>\r\n<li>Informacje og\u00f3lne Niniejsza Polityka Prywatno\u015bci okre\u015bla zasady przetwarzania i ochrony<br \/>danych osobowych przekazanych przez U\u017cytkownik\u00f3w w zwi\u0105zku z korzystaniem przez nich<br \/>us\u0142ugi sprzeda\u017cy bilet\u00f3w poprzez Serwis.<\/li>\r\n<li>\u00a0Administratorem danych osobowych zawartych w serwisie jest BORA Bogus\u0142aw<br \/>Rakowski z siedzib\u0105 w Radlinie przy ulicy Ks. Kard. B. Kominka 153\/2, 44-310<\/li>\r\n<li>W trosce o bezpiecze\u0144stwo powierzonych nam danych opracowali\u015bmy wewn\u0119trzne<br \/>procedury i zalecenia, kt\u00f3re maj\u0105 zapobiec udost\u0119pnieniu danych osobom<br \/>nieupowa\u017cnionym. Kontrolujemy ich wykonywanie i stale sprawdzamy ich zgodno\u015b\u0107 z<br \/>odpowiednimi aktami prawnymi &#8211; ustaw\u0105 o ochronie danych osobowych, ustaw\u0105 o<br \/>\u015bwiadczeniu us\u0142ug drog\u0105 elektroniczn\u0105, a tak\u017ce wszelkiego rodzaju aktach wykonawczych i<br \/>aktach prawa wsp\u00f3lnotowego.<\/li>\r\n<li>Dane Osobowe przetwarzane s\u0105 na podstawie zgody wyra\u017conej przez U\u017cytkownika oraz<br \/>w przypadkach, w kt\u00f3rych przepisy prawa upowa\u017cniaj\u0105 Administratora do przetwarzania<br \/>danych osobowych na podstawie przepis\u00f3w prawa lub w celu realizacji zawartej pomi\u0119dzy<br \/>stronami umowy.<\/li>\r\n<li>Serwis realizuje funkcje pozyskiwania informacji o u\u017cytkownikach i ich zachowaniach w<br \/>nast\u0119puj\u0105cy spos\u00f3b:\r\n<ul>\r\n<li>poprzez dobrowolnie wprowadzone w formularzach informacje<\/li>\r\n<\/ul>\r\n<\/li>\r\n<li>Serwis zbiera informacje dobrowolnie podane przez u\u017cytkownika.<\/li>\r\n<li>Dane podane w formularzu s\u0105 przetwarzane w celu wynikaj\u0105cym z funkcji konkretnego formularza np. w celu dokonania procesu obs\u0142ugi kontaktu informacyjnego<\/li>\r\n<li>Dane osobowe pozostawione w serwisie nie zostan\u0105 sprzedane ani udost\u0119pnione<br \/>osobom trzecim, zgodnie z przepisami Ustawy o ochronie danych osobowych.<\/li>\r\n<li>Do danych zawartych w formularzu przys\u0142uguje wgl\u0105d osobie fizycznej, kt\u00f3ra je tam umie\u015bci\u0142a. Osoba ta ma r\u00f3wnie\u017c praw do modyfikacji i zaprzestania przetwarzania swoich danych w dowolnym momencie.<\/li>\r\n<li>Zastrzegamy sobie prawo do zmiany w polityce ochrony prywatno\u015bci serwisu, na kt\u00f3re mo\u017ce wp\u0142yn\u0105\u0107 rozw\u00f3j technologii internetowej, ewentualne zmiany prawa w zakresie ochrony danych osobowych oraz rozw\u00f3j naszego serwisu internetowego. O wszelkich<br \/>zmianach b\u0119dziemy informowa\u0107 w spos\u00f3b widoczny i zrozumia\u0142y.<\/li>\r\n<li>W Serwisie mog\u0105 pojawia\u0107 si\u0119 linki do innych stron internetowych. Takie strony internetowe dzia\u0142aj\u0105 niezale\u017cnie od Serwisu i nie s\u0105 w \u017caden spos\u00f3b nadzorowane przez serwis tubilet.online\/tsuru<br \/>Strony te mog\u0105 posiada\u0107 w\u0142asne polityki dotycz\u0105ce prywatno\u015bci oraz regulaminy, z kt\u00f3rymi<br \/>zalecamy si\u0119 zapozna\u0107.<\/li>\r\n<\/ol>\r\n<p>[\/vc_column_text][vc_empty_space][vc_column_text]<\/p>\r\n<h2 class=\"wp-block-heading\" style=\"text-align: center;\">Polityka plik\u00f3w cookies<\/h2>\r\n<p><strong>Polityka plik\u00f3w \u201ccookies\u201d serwisu tubilet.online<\/strong><\/p>\r\n<ol>\r\n<li>Poprzez piki \u201ccookies\u201d nale\u017cy rozumie\u0107 dane informatyczne przechowywane w urz\u0105dzeniach<br \/>ko\u0144cowych u\u017cytkownik\u00f3w, przeznaczone do korzystania ze stron internetowych. W<br \/>szczeg\u00f3lno\u015bci s\u0105 to pliki tekstowe, zawieraj\u0105ce nazw\u0119 strony internetowej, z kt\u00f3rej<br \/>pochodz\u0105, czas przechowywania ich na urz\u0105dzeniu ko\u0144cowym oraz unikalny numer.<\/li>\r\n<li>Serwis nie zbiera w spos\u00f3b automatyczny \u017cadnych informacji, z wyj\u0105tkiem informacji<br \/>zawartych w plikach cookies.<\/li>\r\n<li>Pliki cookies przeznaczone s\u0105 do korzystania ze stron serwisu. Operator wykorzystuje te<br \/>pliki do mo\u017cliwo\u015bci logowania i utrzymywania sesji u\u017cytkownika na ka\u017cdej kolejnej stronie serwisu,<br \/>dopasowania zawarto\u015bci strony internetowej do indywidualnych preferencji u\u017cytkownika, do tworzenia anonimowych statystyk z wy\u0142\u0105czeniem mo\u017cliwo\u015bci identyfikacji u\u017cytkownika i<br \/>przede wszystkim pliki te rozpoznaj\u0105 jego urz\u0105dzenie, aby zgodnie z jego preferencjami<br \/>wy\u015bwietli\u0107 stron\u0119.<\/li>\r\n<li>Pliki cookies wykorzystywane przez partner\u00f3w operatora strony internetowej, w tym w<br \/>szczeg\u00f3lno\u015bci u\u017cytkownik\u00f3w strony internetowej, podlegaj\u0105 ich w\u0142asnej polityce prywatno\u015bci.<\/li>\r\n<li>W trosce o bezpiecze\u0144stwo powierzonych nam danych opracowali\u015bmy wewn\u0119trzne<br \/>procedury i zalecenia, kt\u00f3re maj\u0105 zapobiec udost\u0119pnieniu danych osobom<br \/>nieupowa\u017cnionym. Kontrolujemy ich wykonywanie i stale sprawdzamy ich zgodno\u015b\u0107 z<br \/>odpowiednimi aktami prawnymi &#8211; ustaw\u0105 o ochronie danych osobowych, ustaw\u0105 o<br \/>\u015bwiadczeniu us\u0142ug drog\u0105 elektroniczn\u0105, a tak\u017ce wszelkiego rodzaju aktach wykonawczych i<br \/>aktach prawa wsp\u00f3lnotowego.<\/li>\r\n<li>Standardowo oprogramowanie s\u0142u\u017c\u0105ce do przegl\u0105dania stron internetowych domy\u015blnie<br \/>dopuszcza umieszczanie plik\u00f3w cookies na urz\u0105dzeniu ko\u0144cowym U\u017cytkownika. Ustawienia<br \/>te mog\u0105 zosta\u0107 zmienione przez U\u017cytkownika w taki spos\u00f3b, aby blokowa\u0107 automatyczn\u0105<br \/>obs\u0142ug\u0119 \u201ccookies\u201d w ustawieniach przegl\u0105darki internetowej b\u0105d\u017a informowa\u0107 o ich<br \/>ka\u017cdorazowym przes\u0142aniu na urz\u0105dzenia u\u017cytkownika.<\/li>\r\n<li>U\u017cytkownicy Serwisu mog\u0105 dokona\u0107 w ka\u017cdym czasie zmiany ustawie\u0144 dotycz\u0105cych<br \/>plik\u00f3w cookies. Szczeg\u00f3\u0142owe informacje o mo\u017cliwo\u015bci i sposobach obs\u0142ugi plik\u00f3w cookies<br \/>dost\u0119pne s\u0105 w ustawieniach oprogramowania (przegl\u0105darki internetowej).<br \/>Przyk\u0142adowe opcje edytowania w popularnych przegl\u0105darkach:<br \/>Mozilla Firefox: www.support.mozilla.org\/pl\/kb\/ciasteczka<br \/>Internet Explorer: www.support.microsoft.com\/kb\/278835\/pl<br \/>Google Chrome: www.support.google.com\/chrome\/bin\/answer.py?hl=pl&amp;answer=95647<br \/>Safari: www.safari.helpmax.net\/pl\/oszczedzanie-czasu\/blokowanie-zawartosci\/<\/li>\r\n<li>Operator Serwisu informuje, \u017ce zmiany ustawie\u0144 w przegl\u0105darce internetowej u\u017cytkownika<br \/>mog\u0105 uniemo\u017cliwi\u0107 poprawne dzia\u0142anie Stron Internetowych.<\/li>\r\n<\/ol>\r\n<p>[\/vc_column_text][\/vc_column][\/vc_row]<\/p>","protected":false},"excerpt":{"rendered":"<p>[vc_row][vc_column][vc_column_text] Polityka prywatno\u015bci Polityka prywatno\u015bci serwisu tubilet.online\/tsuru Informacje og\u00f3lne Niniejsza Polityka Prywatno\u015bci okre\u015bla zasady przetwarzania i ochronydanych osobowych przekazanych przez U\u017cytkownik\u00f3w w zwi\u0105zku z korzystaniem&hellip;<\/p>\n<p><a href=\"https:\/\/tubilet.online\/tsuru\/polityka-prywatnosci\/\" class=\"read-more-link\"><span class=\"read-more-icon\"><\/span>Read more<\/a><\/p>\n","protected":false},"author":1,"featured_media":0,"parent":0,"menu_order":0,"comment_status":"closed","ping_status":"closed","template":"","meta":{"footnotes":""},"_links":{"self":[{"href":"https:\/\/tubilet.online\/tsuru\/wp-json\/wp\/v2\/pages\/879"}],"collection":[{"href":"https:\/\/tubilet.online\/tsuru\/wp-json\/wp\/v2\/pages"}],"about":[{"href":"https:\/\/tubilet.online\/tsuru\/wp-json\/wp\/v2\/types\/page"}],"author":[{"embeddable":true,"href":"https:\/\/tubilet.online\/tsuru\/wp-json\/wp\/v2\/users\/1"}],"replies":[{"embeddable":true,"href":"https:\/\/tubilet.online\/tsuru\/wp-json\/wp\/v2\/comments?post=879"}],"version-history":[{"count":2,"href":"https:\/\/tubilet.online\/tsuru\/wp-json\/wp\/v2\/pages\/879\/revisions"}],"predecessor-version":[{"id":11621,"href":"https:\/\/tubilet.online\/tsuru\/wp-json\/wp\/v2\/pages\/879\/revisions\/11621"}],"wp:attachment":[{"href":"https:\/\/tubilet.online\/tsuru\/wp-json\/wp\/v2\/media?parent=879"}],"curies":[{"name":"wp","href":"https:\/\/api.w.org\/{rel}","templated":true}]}}