{"id":680,"date":"2023-09-01T10:08:19","date_gmt":"2023-09-01T08:08:19","guid":{"rendered":"http:\/\/demo.olevmedia.net\/eventerra\/?page_id=314"},"modified":"2025-09-07T17:21:17","modified_gmt":"2025-09-07T15:21:17","slug":"kontakt","status":"publish","type":"page","link":"https:\/\/tubilet.online\/tsuru\/kontakt\/","title":{"rendered":"KONTAKT"},"content":{"rendered":"<p>[vc_row][vc_column][vc_empty_space height=&#8221;30px&#8221;][vc_row_inner][vc_column_inner width=&#8221;1\/2&#8243;][vc_custom_heading text=&#8221;Tsuru Japan Festival&#8221; uppercase=&#8221;yes&#8221; font_container=&#8221;tag:h4|text_align:left&#8221;][om_reduce_space height=&#8221;1.5em&#8221;][vc_column_text]ZESP\u00d3\u0141 SZK\u00d3\u0141 TECHNICZNYCH<br \/>\nRybnik ul. Ko\u015bciuszki 5[\/vc_column_text][vc_empty_space height=&#8221;1px&#8221;][vc_custom_heading text=&#8221;Bogus\u0142aw Rakowski&#8221; text_additional=&#8221;<b>ORGANIZATOR FESTIWALU<\/b>&#8221; font_container=&#8221;tag:h4|text_align:left&#8221;][om_reduce_space height=&#8221;1.5em&#8221;][vc_column_text]<a href=\"mailto:tsuru.bilet@gmail.com\">tsuru.bilet@gmail.com<\/a> | \ud83d\udcde <b> <a href=\"tel:665-243-926\" target=\"_blank\" rel=\"noopener noreferrer\"> 665-243-926<\/a><\/b>[\/vc_column_text][\/vc_column_inner][vc_column_inner width=&#8221;1\/2&#8243;][vc_custom_heading text=&#8221;WIADOMO\u015a\u0106 DO ORGANIZATORA TSURU&#8221; uppercase=&#8221;yes&#8221; font_container=&#8221;tag:h3|text_align:left&#8221;]<div role=\"form\" class=\"wpcf7\" id=\"wpcf7-f321-o1\" lang=\"en-US\" dir=\"ltr\">\n<div class=\"screen-reader-response\"><\/div>\n<form action=\"\/tsuru\/wp-json\/wp\/v2\/pages\/680#wpcf7-f321-o1\" method=\"post\" class=\"wpcf7-form\" novalidate=\"novalidate\">\n<div style=\"display: none;\">\n<input type=\"hidden\" name=\"_wpcf7\" value=\"321\" \/>\n<input type=\"hidden\" name=\"_wpcf7_version\" value=\"5.0.5\" \/>\n<input type=\"hidden\" name=\"_wpcf7_locale\" value=\"en_US\" \/>\n<input type=\"hidden\" name=\"_wpcf7_unit_tag\" value=\"wpcf7-f321-o1\" \/>\n<input type=\"hidden\" name=\"_wpcf7_container_post\" value=\"0\" \/>\n<\/div>\n<p><span class=\"wpcf7-form-control-wrap your-name\"><input type=\"text\" name=\"your-name\" value=\"\" size=\"40\" class=\"wpcf7-form-control wpcf7-text wpcf7-validates-as-required\" aria-required=\"true\" aria-invalid=\"false\" placeholder=\"Imie\" \/><\/span><\/p>\n<p><span class=\"wpcf7-form-control-wrap your-email\"><input type=\"email\" name=\"your-email\" value=\"\" size=\"40\" class=\"wpcf7-form-control wpcf7-text wpcf7-email wpcf7-validates-as-required wpcf7-validates-as-email\" aria-required=\"true\" aria-invalid=\"false\" placeholder=\"Tw\u00f3j adres e-mail\" \/><\/span><\/p>\n<p><span class=\"wpcf7-form-control-wrap your-message\"><textarea name=\"your-message\" cols=\"40\" rows=\"4\" class=\"wpcf7-form-control wpcf7-textarea\" aria-invalid=\"false\" placeholder=\"Tre\u015b\u0107 wiadomo\u015bci\"><\/textarea><\/span><\/p>\n<div class=\"wpcf7-form-control-wrap\"><div data-sitekey=\"6Lcy81QpAAAAAEzScy1hxDa9R511BLRzJiG3tW4a\" data-size=\"normal\" class=\"wpcf7-form-control g-recaptcha wpcf7-recaptcha\"><\/div>\n<noscript>\n\t<div style=\"width: 302px; height: 422px;\">\n\t\t<div style=\"width: 302px; height: 422px; position: relative;\">\n\t\t\t<div style=\"width: 302px; height: 422px; position: absolute;\">\n\t\t\t\t<iframe src=\"https:\/\/www.google.com\/recaptcha\/api\/fallback?k=6Lcy81QpAAAAAEzScy1hxDa9R511BLRzJiG3tW4a\" frameborder=\"0\" scrolling=\"no\" style=\"width: 302px; height:422px; border-style: none;\">\n\t\t\t\t<\/iframe>\n\t\t\t<\/div>\n\t\t\t<div style=\"width: 300px; height: 60px; border-style: none; bottom: 12px; left: 25px; margin: 0px; padding: 0px; right: 25px; background: #f9f9f9; border: 1px solid #c1c1c1; border-radius: 3px;\">\n\t\t\t\t<textarea id=\"g-recaptcha-response\" name=\"g-recaptcha-response\" class=\"g-recaptcha-response\" style=\"width: 250px; height: 40px; border: 1px solid #c1c1c1; margin: 10px 25px; padding: 0px; resize: none;\">\n\t\t\t\t<\/textarea>\n\t\t\t<\/div>\n\t\t<\/div>\n\t<\/div>\n<\/noscript>\n<\/div>\n<p style=\"margin-top: 20px;\"><input type=\"submit\" value=\"Wy\u015blij\" class=\"wpcf7-form-control wpcf7-submit\" \/><\/p>\n<div class=\"wpcf7-response-output wpcf7-display-none\"><\/div><\/form><\/div>[\/vc_column_inner][\/vc_row_inner][vc_empty_space height=&#8221;30px&#8221;][vc_gmaps link=&#8221;#E-8_JTNDaWZyYW1lJTIwc3JjJTNEJTIyaHR0cHMlM0ElMkYlMkZ3d3cuZ29vZ2xlLmNvbSUyRm1hcHMlMkZlbWJlZCUzRnBiJTNEJTIxMW0xOCUyMTFtMTIlMjExbTMlMjExZDYzNDY2Ni40OTM2NjQ4MzQ4JTIxMmQxOC4wODI2MTQ2MzM1MzQ2MyUyMTNkNTAuMjM5NDM0MTY5NzI1ODA0JTIxMm0zJTIxMWYwJTIxMmYwJTIxM2YwJTIxM20yJTIxMWkxMDI0JTIxMmk3NjglMjE0ZjEzLjElMjEzbTMlMjExbTIlMjExczB4NDcxMTRlZDZiZWQ5YzU4MSUyNTNBMHgyOWFmOThjMzMxZjJiYzBhJTIxMnpXbVZ6Y01PenhZSWdVM3BydzdQRmdpQlVaV05vYm1samVtNTVZMmdnZHlCU2VXSnVhV3QxJTIxNWUwJTIxM20yJTIxMXNwbCUyMTJzcGwlMjE0djE2NzQxOTQ5ODg5MDAlMjE1bTIlMjExc3BsJTIxMnNwbCUyMiUyMHdpZHRoJTNEJTIyNjAwJTIyJTIwaGVpZ2h0JTNEJTIyNDUwJTIyJTIwZnJhbWVib3JkZXIlM0QlMjIwJTIyJTIwc3R5bGUlM0QlMjJib3JkZXIlM0EwJTIyJTIwYWxsb3dmdWxsc2NyZWVuJTNFJTNDJTJGaWZyYW1lJTNF&#8221; size=&#8221;400&#8243; remove_margins=&#8221;yes&#8221;][om_reduce_space height=&#8221;3em&#8221;][\/vc_column][\/vc_row]<\/p>\n","protected":false},"excerpt":{"rendered":"<p>[vc_row][vc_column][vc_empty_space height=&#8221;30px&#8221;][vc_row_inner][vc_column_inner width=&#8221;1\/2&#8243;][vc_custom_heading text=&#8221;Tsuru Japan Festival&#8221; uppercase=&#8221;yes&#8221; font_container=&#8221;tag:h4|text_align:left&#8221;][om_reduce_space height=&#8221;1.5em&#8221;][vc_column_text]ZESP\u00d3\u0141 SZK\u00d3\u0141 TECHNICZNYCH Rybnik ul. Ko\u015bciuszki 5[\/vc_column_text][vc_empty_space height=&#8221;1px&#8221;][vc_custom_heading text=&#8221;Bogus\u0142aw Rakowski&#8221; text_additional=&#8221;ORGANIZATOR FESTIWALU&#8221; font_container=&#8221;tag:h4|text_align:left&#8221;][om_reduce_space height=&#8221;1.5em&#8221;][vc_column_text]tsuru.bilet@gmail.com | \ud83d\udcde 665-243-926[\/vc_column_text][\/vc_column_inner][vc_column_inner&hellip;<\/p>\n<p><a href=\"https:\/\/tubilet.online\/tsuru\/kontakt\/\" class=\"read-more-link\"><span class=\"read-more-icon\"><\/span>Read more<\/a><\/p>\n","protected":false},"author":9,"featured_media":0,"parent":0,"menu_order":0,"comment_status":"closed","ping_status":"closed","template":"","meta":{"footnotes":""},"_links":{"self":[{"href":"https:\/\/tubilet.online\/tsuru\/wp-json\/wp\/v2\/pages\/680"}],"collection":[{"href":"https:\/\/tubilet.online\/tsuru\/wp-json\/wp\/v2\/pages"}],"about":[{"href":"https:\/\/tubilet.online\/tsuru\/wp-json\/wp\/v2\/types\/page"}],"author":[{"embeddable":true,"href":"https:\/\/tubilet.online\/tsuru\/wp-json\/wp\/v2\/users\/9"}],"replies":[{"embeddable":true,"href":"https:\/\/tubilet.online\/tsuru\/wp-json\/wp\/v2\/comments?post=680"}],"version-history":[{"count":6,"href":"https:\/\/tubilet.online\/tsuru\/wp-json\/wp\/v2\/pages\/680\/revisions"}],"predecessor-version":[{"id":9042,"href":"https:\/\/tubilet.online\/tsuru\/wp-json\/wp\/v2\/pages\/680\/revisions\/9042"}],"wp:attachment":[{"href":"https:\/\/tubilet.online\/tsuru\/wp-json\/wp\/v2\/media?parent=680"}],"curies":[{"name":"wp","href":"https:\/\/api.w.org\/{rel}","templated":true}]}}