{"id":8954,"date":"2025-01-17T20:04:10","date_gmt":"2025-01-17T19:04:10","guid":{"rendered":"https:\/\/tubilet.online\/aicon\/produkt\/"},"modified":"2025-01-19T20:48:21","modified_gmt":"2025-01-19T19:48:21","slug":"kubek-aicon-2","status":"publish","type":"product","link":"https:\/\/tubilet.online\/aicon\/produkt\/kubek-aicon-2\/","title":{"rendered":"Kubek Aicon"},"content":{"rendered":"<hr \/>\n<p style=\"text-align: center;\">Kubek bia\u0142y z grafik\u0105 z Aicon 2025 o pojemno\u015bci 330ml<br \/>\nNak\u0142ad kubeczk\u00f3w jest mocno ograniczony, a zakup przed konwentem gwarantuje otrzymanie kubeczka.<\/p>\n<p>Nie wysy\u0142amy zakupionego kubeczka, b\u0119dzie do odbioru na konwencie.<\/p>\n<p>Nadruk jest trwa\u0142y, odporny na wysok\u0105 temperatur\u0119 oraz mycie.<\/p>\n<h6>Przedstawiony kubek na zdj\u0119ciu jest jedynie wizualizacj\u0105 produkt finalny mo\u017ce si\u0119 r\u00f3\u017cni\u0107.<\/h6>\n","protected":false},"excerpt":{"rendered":"<p>Kubek bia\u0142y z grafik\u0105 z Aicon 2025 o pojemno\u015bci 330ml Nak\u0142ad kubeczk\u00f3w jest mocno ograniczony, a zakup przed konwentem gwarantuje otrzymanie kubeczka. Nie wysy\u0142amy zakupionego&hellip;<\/p>\n<p><a href=\"https:\/\/tubilet.online\/aicon\/produkt\/kubek-aicon-2\/\" class=\"read-more-link\"><span class=\"read-more-icon\"><\/span>Read more<\/a><\/p>\n","protected":false},"featured_media":8999,"template":"","meta":[],"product_cat":[18,22,25],"product_tag":[23],"jetpack_sharing_enabled":true,"_links":{"self":[{"href":"https:\/\/tubilet.online\/aicon\/wp-json\/wp\/v2\/product\/8954"}],"collection":[{"href":"https:\/\/tubilet.online\/aicon\/wp-json\/wp\/v2\/product"}],"about":[{"href":"https:\/\/tubilet.online\/aicon\/wp-json\/wp\/v2\/types\/product"}],"wp:featuredmedia":[{"embeddable":true,"href":"https:\/\/tubilet.online\/aicon\/wp-json\/wp\/v2\/media\/8999"}],"wp:attachment":[{"href":"https:\/\/tubilet.online\/aicon\/wp-json\/wp\/v2\/media?parent=8954"}],"wp:term":[{"taxonomy":"product_cat","embeddable":true,"href":"https:\/\/tubilet.online\/aicon\/wp-json\/wp\/v2\/product_cat?post=8954"},{"taxonomy":"product_tag","embeddable":true,"href":"https:\/\/tubilet.online\/aicon\/wp-json\/wp\/v2\/product_tag?post=8954"}],"curies":[{"name":"wp","href":"https:\/\/api.w.org\/{rel}","templated":true}]}}