{"id":8940,"date":"2025-01-17T20:04:09","date_gmt":"2025-01-17T19:04:09","guid":{"rendered":"https:\/\/tubilet.online\/aicon\/produkt\/"},"modified":"2025-03-08T15:32:24","modified_gmt":"2025-03-08T14:32:24","slug":"t-shirt-aicon","status":"publish","type":"product","link":"https:\/\/tubilet.online\/aicon\/produkt\/t-shirt-aicon\/","title":{"rendered":"T-Shirt Aicon"},"content":{"rendered":"","protected":false},"excerpt":{"rendered":"<p><span style=\"vertical-align: inherit;\"><span style=\"vertical-align: inherit;\">Koszulka konwentowa dla pasa\u017cer\u00f3w br\u0105zowych. <\/span><\/span><br \/>\n<span style=\"vertical-align: inherit;\"><span style=\"vertical-align: inherit;\">Koszulka b\u0119dzie odebrana na miejscu festiwalu, nie wysy\u0142aj\u0105c koszulek przed imprez\u0105. <\/span><\/span><br \/>\n<strong><span style=\"vertical-align: inherit;\"><span style=\"vertical-align: inherit;\">Koszulka finalnie mo\u017ce si\u0119 zdarzy\u0107, jest tylko wizualizacj\u0105.<\/span><\/span><\/strong><\/p>\n<p><strong><span style=\"vertical-align: inherit;\"><span style=\"vertical-align: inherit;\">Prosz\u0119 o rozwa\u017cenie wyboru rozmiaru rozmiaru<\/span><\/span><\/strong><span style=\"vertical-align: inherit;\"><span style=\"vertical-align: inherit;\"> . S\u0105 one ograniczone pod ograniczonym rozmiarem, nie obiecujemy, \u017ce b\u0119dzie mo\u017cliwo\u015b\u0107 wymiany koszulek na miejscu.<\/span><\/span><\/p>\n<p><span style=\"vertical-align: inherit;\"><span style=\"vertical-align: inherit;\">Nak\u0142adka zamykaj\u0105ca jest ograniczona, a zakup przed konwentem dodatkowym, kt\u00f3rego nie ma.<\/span><\/span><\/p>\n<p><span class=\"text-color-accent-3\"><b><span style=\"vertical-align: inherit;\"><span style=\"vertical-align: inherit;\">Wybierz odpowiedni wariant:<\/span><\/span><\/b><\/span><b><\/b><\/p>\n","protected":false},"featured_media":8979,"template":"","meta":[],"product_cat":[18,22,24],"product_tag":[23],"jetpack_sharing_enabled":true,"_links":{"self":[{"href":"https:\/\/tubilet.online\/aicon\/wp-json\/wp\/v2\/product\/8940"}],"collection":[{"href":"https:\/\/tubilet.online\/aicon\/wp-json\/wp\/v2\/product"}],"about":[{"href":"https:\/\/tubilet.online\/aicon\/wp-json\/wp\/v2\/types\/product"}],"wp:featuredmedia":[{"embeddable":true,"href":"https:\/\/tubilet.online\/aicon\/wp-json\/wp\/v2\/media\/8979"}],"wp:attachment":[{"href":"https:\/\/tubilet.online\/aicon\/wp-json\/wp\/v2\/media?parent=8940"}],"wp:term":[{"taxonomy":"product_cat","embeddable":true,"href":"https:\/\/tubilet.online\/aicon\/wp-json\/wp\/v2\/product_cat?post=8940"},{"taxonomy":"product_tag","embeddable":true,"href":"https:\/\/tubilet.online\/aicon\/wp-json\/wp\/v2\/product_tag?post=8940"}],"curies":[{"name":"wp","href":"https:\/\/api.w.org\/{rel}","templated":true}]}}