{"id":879,"date":"2023-01-14T11:57:49","date_gmt":"2023-01-14T10:57:49","guid":{"rendered":"https:\/\/tubilet.online\/?page_id=879"},"modified":"2025-01-19T12:56:20","modified_gmt":"2025-01-19T11:56:20","slug":"polityka-prywatnosci","status":"publish","type":"page","link":"https:\/\/tubilet.online\/aicon\/polityka-prywatnosci\/","title":{"rendered":"Polityk Prywatno\u015b\u0107"},"content":{"rendered":"<p>[vc_row][vc_column][vc_column_text]<\/p>\r\n\r\n<h2 class=\"wp-block-heading\" style=\"text-align: center;\"><span style=\"vertical-align: inherit;\"><span style=\"vertical-align: inherit;\"><span style=\"vertical-align: inherit;\"><span style=\"vertical-align: inherit;\">Polityka prywatno\u015bci<\/span><\/span><\/span><\/span><\/h2>\r\n<h4><span style=\"vertical-align: inherit;\"><span style=\"vertical-align: inherit;\"><span style=\"vertical-align: inherit;\"><span style=\"vertical-align: inherit;\">Polityka prywatno\u015bci serwisu tubilet.online<\/span><\/span><\/span><\/span><\/h4>\r\n\r\n<ol>\r\n<li><span style=\"vertical-align: inherit;\"><span style=\"vertical-align: inherit;\"><span style=\"vertical-align: inherit;\"><span style=\"vertical-align: inherit;\">Informacje og\u00f3lne dotycz\u0105ce danych Polityka prywatno\u015bci zawiera zasady stosowania i ochrony os\u00f3b <\/span><\/span><\/span><\/span><br \/><span style=\"vertical-align: inherit;\"><span style=\"vertical-align: inherit;\"><span style=\"vertical-align: inherit;\"><span style=\"vertical-align: inherit;\">udost\u0119pnianych przez u\u017cytkownik\u00f3w w zwi\u0105zku z korzystaniem z nich przez <\/span><\/span><\/span><\/span><br \/><span style=\"vertical-align: inherit;\"><span style=\"vertical-align: inherit;\"><span style=\"vertical-align: inherit;\"><span style=\"vertical-align: inherit;\">us\u0142ugi sprzeda\u017cy kana\u0142\u00f3w poprzez serwis.<\/span><\/span><\/span><\/span><\/li>\r\n<li><span style=\"vertical-align: inherit;\"><span style=\"vertical-align: inherit;\"><span style=\"vertical-align: inherit;\"><span style=\"vertical-align: inherit;\">\u00a0Administratorem danych osobowych w serwisie jest BORA Bogus\u0142aw <\/span><\/span><\/span><\/span><br \/><span style=\"vertical-align: inherit;\"><span style=\"vertical-align: inherit;\"><span style=\"vertical-align: inherit;\"><span style=\"vertical-align: inherit;\">Rakowski z siedzib\u0105 w Radlinie przy ulicy Ks. Karda. B. Kominka 153\/2, 44-310.<\/span><\/span><\/span><\/span><\/li>\r\n<li><span style=\"vertical-align: inherit;\"><span style=\"vertical-align: inherit;\"><span style=\"vertical-align: inherit;\"><span style=\"vertical-align: inherit;\">W trosce o bezpiecze\u0144stwo wy\u0142\u0105cznik\u00f3w nam dane opracowali\u015bmy wewn\u0119trzne <\/span><\/span><\/span><\/span><br \/><span style=\"vertical-align: inherit;\"><span style=\"vertical-align: inherit;\"><span style=\"vertical-align: inherit;\"><span style=\"vertical-align: inherit;\">procedury i zabezpieczenia, kt\u00f3re uniemo\u017cliwiaj\u0105 udost\u0119pnienie danych <\/span><\/span><\/span><\/span><br \/><span style=\"vertical-align: inherit;\"><span style=\"vertical-align: inherit;\"><span style=\"vertical-align: inherit;\"><span style=\"vertical-align: inherit;\">nieupowa\u017cnionych. Kontrolujemy ich dost\u0119pno\u015b\u0107 i nieaktualne sprawdzanie ich zgodno\u015bci z <\/span><\/span><\/span><\/span><br \/><span style=\"vertical-align: inherit;\"><span style=\"vertical-align: inherit;\"><span style=\"vertical-align: inherit;\"><span style=\"vertical-align: inherit;\">urz\u0105dzeniami dost\u0119pnymi aktami &#8211; ustaw\u0105 o ochronie danych osobowych, ustaw\u0105 o <\/span><\/span><\/span><\/span><br \/><span style=\"vertical-align: inherit;\"><span style=\"vertical-align: inherit;\"><span style=\"vertical-align: inherit;\"><span style=\"vertical-align: inherit;\">\u015bwiadczeniu us\u0142ug drog\u0105 elektroniczn\u0105, a tak\u017ce funkcjonalnym aktach wykonawczych i <\/span><\/span><\/span><\/span><br \/><span style=\"vertical-align: inherit;\"><span style=\"vertical-align: inherit;\"><span style=\"vertical-align: inherit;\"><span style=\"vertical-align: inherit;\">aktach prawa wsp\u00f3lnotowego.<\/span><\/span><\/span><\/span><\/li>\r\n<li><span style=\"vertical-align: inherit;\"><span style=\"vertical-align: inherit;\"><span style=\"vertical-align: inherit;\"><span style=\"vertical-align: inherit;\">Dane osobowe s\u0105 oparte na zgodzie wyra\u017conej przez u\u017cytkownika oraz <\/span><\/span><\/span><\/span><br \/><span style=\"vertical-align: inherit;\"><span style=\"vertical-align: inherit;\"><span style=\"vertical-align: inherit;\"><span style=\"vertical-align: inherit;\">w ramach umowy, kt\u00f3rej prawa przys\u0142uguj\u0105 Administratorowi do przetwarzania <\/span><\/span><\/span><\/span><br \/><span style=\"vertical-align: inherit;\"><span style=\"vertical-align: inherit;\"><span style=\"vertical-align: inherit;\"><span style=\"vertical-align: inherit;\">danych osobowych na podstawie przepis\u00f3w prawa lub w celu realizacji zastosowania mi\u0119dzy <\/span><\/span><\/span><\/span><br \/><span style=\"vertical-align: inherit;\"><span style=\"vertical-align: inherit;\"><span style=\"vertical-align: inherit;\"><span style=\"vertical-align: inherit;\">stronami umowy.<\/span><\/span><\/span><\/span><\/li>\r\n<li><span style=\"vertical-align: inherit;\"><span style=\"vertical-align: inherit;\"><span style=\"vertical-align: inherit;\"><span style=\"vertical-align: inherit;\">Serwis dzia\u0142a\u0144 polegaj\u0105cy na pozyskiwaniu informacji o u\u017cytkownikach i ich zachowaniu w <\/span><\/span><\/span><\/span><br \/><span style=\"vertical-align: inherit;\"><span style=\"vertical-align: inherit;\"><span style=\"vertical-align: inherit;\"><span style=\"vertical-align: inherit;\">sposobie:<\/span><\/span><\/span><\/span>\r\n<ul>\r\n<li><span style=\"vertical-align: inherit;\"><span style=\"vertical-align: inherit;\"><span style=\"vertical-align: inherit;\"><span style=\"vertical-align: inherit;\">poprzez p\u0142atno\u015bci elektroniczne w informacjach.<\/span><\/span><\/span><\/span><\/li>\r\n<\/ul>\r\n<\/li>\r\n<li><span style=\"vertical-align: inherit;\"><span style=\"vertical-align: inherit;\"><span style=\"vertical-align: inherit;\"><span style=\"vertical-align: inherit;\">Serwis zbierania informacji przez u\u017cytkownika.<\/span><\/span><\/span><\/span><\/li>\r\n<li><span style=\"vertical-align: inherit;\"><span style=\"vertical-align: inherit;\"><span style=\"vertical-align: inherit;\"><span style=\"vertical-align: inherit;\">Dane podane w formularzu s\u0105 funkcjonalne w celu uzyskania funkcji podstawowej np. w celu zako\u0144czenia procesu kontaktu informacyjnego.<\/span><\/span><\/span><\/span><\/li>\r\n<li><span style=\"vertical-align: inherit;\"><span style=\"vertical-align: inherit;\"><span style=\"vertical-align: inherit;\"><span style=\"vertical-align: inherit;\">Dane osobowe pozostawione w serwisie nie s\u0105 wykorzystywane ani uruchamiane <\/span><\/span><\/span><\/span><br \/><span style=\"vertical-align: inherit;\"><span style=\"vertical-align: inherit;\"><span style=\"vertical-align: inherit;\"><span style=\"vertical-align: inherit;\">, zgodnie z ustawieniami ochrony danych osobowych.<\/span><\/span><\/span><\/span><\/li>\r\n<li><span style=\"vertical-align: inherit;\"><span style=\"vertical-align: inherit;\"><span style=\"vertical-align: inherit;\"><span style=\"vertical-align: inherit;\">Do danych zawartych w formularzu dost\u0119pny jest wgl\u0105d w osob\u0119, kt\u00f3ra jest tam zagro\u017cona. Osoba ta ma r\u00f3wnie\u017c prawo do wy\u0142\u0105czenia i zaprzestania przetwarzania danych w momencie pojawienia si\u0119.<\/span><\/span><\/span><\/span><\/li>\r\n<li><span style=\"vertical-align: inherit;\"><span style=\"vertical-align: inherit;\"><span style=\"vertical-align: inherit;\"><span style=\"vertical-align: inherit;\">Zastrzegamy sobie prawo do zmiany w polityce ochrony prywatno\u015bci serwisu, kt\u00f3ra mo\u017ce by\u0107 stosowana w technologii internetowej, zmiana prawna w zakresie ochrony danych osobowych oraz rozwoju naszego serwisu internetowego. Ka\u017cda <\/span><\/span><\/span><\/span><span style=\"vertical-align: inherit;\"><span style=\"vertical-align: inherit;\"><span style=\"vertical-align: inherit;\"><span style=\"vertical-align: inherit;\">zmiana b\u0119dzie mo\u017cliwa w spos\u00f3b widoczny i zrozumia\u0142y.<\/span><\/span><\/span><\/span><\/li>\r\n<li><span style=\"vertical-align: inherit;\"><span style=\"vertical-align: inherit;\"><span style=\"vertical-align: inherit;\"><span style=\"vertical-align: inherit;\">W serwisie mog\u0105 pojawia\u0107 si\u0119 linki do innych stron internetowych. Takie strony internetowe dotycz\u0105ce rozwi\u0105za\u0144 od Serwisu i nie s\u0105 w spos\u00f3b niepo\u017c\u0105dany nadzorowany przez serwis tubilet.online <\/span><\/span><\/span><\/span><br \/><span style=\"vertical-align: inherit;\"><span style=\"vertical-align: inherit;\"><span style=\"vertical-align: inherit;\"><span style=\"vertical-align: inherit;\">Strony mog\u0105 posiada\u0107 w\u0142asne zasady dotycz\u0105ce prywatno\u015bci oraz regulaminy, z kt\u00f3rymi <\/span><\/span><\/span><\/span><br \/><span style=\"vertical-align: inherit;\"><span style=\"vertical-align: inherit;\"><span style=\"vertical-align: inherit;\"><span style=\"vertical-align: inherit;\">zalecamy zapoznanie si\u0119.<\/span><\/span><\/span><\/span><\/li>\r\n<\/ol>\r\n\r\n<h2 class=\"wp-block-heading\" style=\"text-align: center;\"><span style=\"vertical-align: inherit;\"><span style=\"vertical-align: inherit;\"><span style=\"vertical-align: inherit;\"><span style=\"vertical-align: inherit;\">Polityka plik\u00f3w cookie<\/span><\/span><\/span><\/span><\/h2>\r\n<p><strong><span style=\"vertical-align: inherit;\"><span style=\"vertical-align: inherit;\"><span style=\"vertical-align: inherit;\"><span style=\"vertical-align: inherit;\">Polityka plik\u00f3w \u201ecookies\u201d serwisu tubilet.online<\/span><\/span><\/span><\/span><\/strong><\/p>\r\n<ol>\r\n<li><span style=\"vertical-align: inherit;\"><span style=\"vertical-align: inherit;\"><span style=\"vertical-align: inherit;\"><span style=\"vertical-align: inherit;\">Piki \u201ecookies\u201d oznaczaj\u0105 dane analityczne w aplikacjach <\/span><\/span><\/span><\/span><br \/><span style=\"vertical-align: inherit;\"><span style=\"vertical-align: inherit;\"><span style=\"vertical-align: inherit;\"><span style=\"vertical-align: inherit;\">ko\u0144cowych u\u017cytkownik\u00f3w, przeznaczone do zastosowa\u0144 ze stron internetowych. znajduj\u0105 si\u0119 w <\/span><\/span><\/span><span style=\"vertical-align: inherit;\"><span style=\"vertical-align: inherit;\"><span style=\"vertical-align: inherit;\">nich <\/span><\/span><\/span><\/span><br \/><span style=\"vertical-align: inherit;\"><span style=\"vertical-align: inherit;\"><span style=\"vertical-align: inherit;\"><span style=\"vertical-align: inherit;\">pliki tekstowe, znajduj\u0105ce si\u0119 w witrynach internetowych, z kt\u00f3rych <\/span><\/span><\/span><\/span><br \/><span style=\"vertical-align: inherit;\"><span style=\"vertical-align: inherit;\"><span style=\"vertical-align: inherit;\"><span style=\"vertical-align: inherit;\">pochodz\u0105, czas przechowywania ich na urz\u0105dzeniu ko\u0144cowym oraz numer ko\u0144cowy.<\/span><\/span><\/span><\/span><\/li>\r\n<li><span style=\"vertical-align: inherit;\"><span style=\"vertical-align: inherit;\"><span style=\"vertical-align: inherit;\"><span style=\"vertical-align: inherit;\">Serwis nie zbieraj\u0105cy w spos\u00f3b automatyczny \u017cadnych informacji, z informacjami <\/span><\/span><\/span><\/span><br \/><span style=\"vertical-align: inherit;\"><span style=\"vertical-align: inherit;\"><span style=\"vertical-align: inherit;\"><span style=\"vertical-align: inherit;\">wprowadzonymi w plikach cookie.<\/span><\/span><\/span><\/span><\/li>\r\n<li><span style=\"vertical-align: inherit;\"><span style=\"vertical-align: inherit;\"><span style=\"vertical-align: inherit;\"><span style=\"vertical-align: inherit;\">Pliki cookie przeznaczone do u\u017cytku w serwisie. Operator wykorzystuje te <\/span><\/span><\/span><\/span><br \/><span style=\"vertical-align: inherit;\"><span style=\"vertical-align: inherit;\"><span style=\"vertical-align: inherit;\"><span style=\"vertical-align: inherit;\">pliki do mo\u017cliwo\u015bci logowania i utrzymywania konta u\u017cytkownika na ka\u017cdej stronie us\u0142ug, <\/span><\/span><\/span><\/span><br \/><span style=\"vertical-align: inherit;\"><span style=\"vertical-align: inherit;\"><span style=\"vertical-align: inherit;\"><span style=\"vertical-align: inherit;\">umieszczonej w zawarto\u015bci strony internetowej do indywidualnej nazwy u\u017cytkownika, do tworzenia anonimowych danych danych z ograniczeniami u\u017cytkownika i <\/span><\/span><\/span><\/span><br \/><span style=\"vertical-align: inherit;\"><span style=\"vertical-align: inherit;\"><span style=\"vertical-align: inherit;\"><span style=\"vertical-align: inherit;\">przede wszystkim plik\u00f3w te rozpoznawanych przez jego urz\u0105dzenie, aby by\u0107 kontrolowanym z jego urz\u0105dzenia uprawnienia do <\/span><\/span><\/span><\/span><span style=\"vertical-align: inherit;\"><span style=\"vertical-align: inherit;\"><span style=\"vertical-align: inherit;\"><span style=\"vertical-align: inherit;\">logowania si\u0119 na stron\u0119.<\/span><\/span><\/span><\/span><\/li>\r\n<li><span style=\"vertical-align: inherit;\"><span style=\"vertical-align: inherit;\"><span style=\"vertical-align: inherit;\"><span style=\"vertical-align: inherit;\">Pliki cookie wysy\u0142ane przez administratora strony internetowej, w tym do <\/span><\/span><\/span><\/span><br \/><span style=\"vertical-align: inherit;\"><span style=\"vertical-align: inherit;\"><span style=\"vertical-align: inherit;\"><span style=\"vertical-align: inherit;\">u\u017cytkownik\u00f3w stron internetowych, ukryte pod w\u0142asn\u0105 polityk\u0105 prywatno\u015bci.<\/span><\/span><\/span><\/span><\/li>\r\n<li><span style=\"vertical-align: inherit;\"><span style=\"vertical-align: inherit;\"><span style=\"vertical-align: inherit;\"><span style=\"vertical-align: inherit;\">W trosce o bezpiecze\u0144stwo wy\u0142\u0105cznik\u00f3w nam dane opracowali\u015bmy wewn\u0119trzne <\/span><\/span><\/span><\/span><br \/><span style=\"vertical-align: inherit;\"><span style=\"vertical-align: inherit;\"><span style=\"vertical-align: inherit;\"><span style=\"vertical-align: inherit;\">procedury i zabezpieczenia, kt\u00f3re uniemo\u017cliwiaj\u0105 udost\u0119pnienie danych <\/span><\/span><\/span><\/span><br \/><span style=\"vertical-align: inherit;\"><span style=\"vertical-align: inherit;\"><span style=\"vertical-align: inherit;\"><span style=\"vertical-align: inherit;\">nieupowa\u017cnionych. Kontrolujemy ich dost\u0119pno\u015b\u0107 i nieaktualne sprawdzanie ich zgodno\u015bci z <\/span><\/span><\/span><\/span><br \/><span style=\"vertical-align: inherit;\"><span style=\"vertical-align: inherit;\"><span style=\"vertical-align: inherit;\"><span style=\"vertical-align: inherit;\">urz\u0105dzeniami dost\u0119pnymi aktami &#8211; ustaw\u0105 o ochronie danych osobowych, ustaw\u0105 o <\/span><\/span><\/span><\/span><br \/><span style=\"vertical-align: inherit;\"><span style=\"vertical-align: inherit;\"><span style=\"vertical-align: inherit;\"><span style=\"vertical-align: inherit;\">\u015bwiadczeniu us\u0142ug drog\u0105 elektroniczn\u0105, a tak\u017ce funkcjonalnym aktach wykonawczych i <\/span><\/span><\/span><\/span><br \/><span style=\"vertical-align: inherit;\"><span style=\"vertical-align: inherit;\"><span style=\"vertical-align: inherit;\"><span style=\"vertical-align: inherit;\">aktach prawa wsp\u00f3lnotowego.<\/span><\/span><\/span><\/span><\/li>\r\n<li><span style=\"vertical-align: inherit;\"><span style=\"vertical-align: inherit;\"><span style=\"vertical-align: inherit;\"><span style=\"vertical-align: inherit;\">Standardowe oprogramowanie do przegl\u0105dania stron internetowych, <\/span><\/span><\/span><\/span><br \/><span style=\"vertical-align: inherit;\"><span style=\"vertical-align: inherit;\"><span style=\"vertical-align: inherit;\"><span style=\"vertical-align: inherit;\">umo\u017cliwia umieszczanie plik\u00f3w cookie na urz\u0105dzeniu ko\u0144cowym u\u017cytkownika. Ustawienia <\/span><\/span><\/span><\/span><br \/><span style=\"vertical-align: inherit;\"><span style=\"vertical-align: inherit;\"><span style=\"vertical-align: inherit;\"><span style=\"vertical-align: inherit;\">mog\u0105 by\u0107 dost\u0119pne dla u\u017cytkownika w taki spos\u00f3b, aby zablokowa\u0107 korzystanie <\/span><\/span><\/span><\/span><br \/><span style=\"vertical-align: inherit;\"><span style=\"vertical-align: inherit;\"><span style=\"vertical-align: inherit;\"><span style=\"vertical-align: inherit;\">z obs\u0142ugi plik\u00f3w \u201ecookie\u201d w ustawieniach internetowych, by\u0107 informowanym o ich <\/span><\/span><\/span><\/span><br \/><span style=\"vertical-align: inherit;\"><span style=\"vertical-align: inherit;\"><span style=\"vertical-align: inherit;\"><span style=\"vertical-align: inherit;\">ka\u017cdym dorazowym przes\u0142aniu na urz\u0105dzenie u\u017cytkownika.<\/span><\/span><\/span><\/span><\/li>\r\n<li><span style=\"vertical-align: inherit;\"><span style=\"vertical-align: inherit;\"><span style=\"vertical-align: inherit;\"><span style=\"vertical-align: inherit;\">U\u017cytkownicy serwisu mog\u0105 by\u0107 wywo\u0142ywani w ka\u017cdym czasie zmiany <\/span><\/span><\/span><\/span><br \/><span style=\"vertical-align: inherit;\"><span style=\"vertical-align: inherit;\"><span style=\"vertical-align: inherit;\"><span style=\"vertical-align: inherit;\">plik\u00f3w cookie. Informacje o mo\u017cliwo\u015bciach i sposobach obs\u0142ugi plik\u00f3w cookie <\/span><\/span><\/span><\/span><br \/><span style=\"vertical-align: inherit;\"><span style=\"vertical-align: inherit;\"><span style=\"vertical-align: inherit;\"><span style=\"vertical-align: inherit;\">w ustawieniach oprogramowania (przegl\u0105darki internetowe). <\/span><\/span><\/span><\/span><br \/><span style=\"vertical-align: inherit;\"><span style=\"vertical-align: inherit;\"><span style=\"vertical-align: inherit;\"><span style=\"vertical-align: inherit;\">Przyk\u0142adowe rozwi\u0105zanie regulacyjne w wydaniu: <\/span><\/span><\/span><\/span><br \/><span style=\"vertical-align: inherit;\"><span style=\"vertical-align: inherit;\"><span style=\"vertical-align: inherit;\"><span style=\"vertical-align: inherit;\">Mozilla Firefox: www.support.mozilla.org\/pl\/kb\/ciasteczka <\/span><\/span><\/span><\/span><br \/><span style=\"vertical-align: inherit;\"><span style=\"vertical-align: inherit;\"><span style=\"vertical-align: inherit;\"><span style=\"vertical-align: inherit;\">Internet Explorer: www.support.microsoft.com\/kb\/278835\/pl <\/span><\/span><\/span><\/span><br \/><span style=\"vertical-align: inherit;\"><span style=\"vertical-align: inherit;\"><span style=\"vertical-align: inherit;\"><span style=\"vertical-align: inherit;\">Google Chrome: www.support.google.com\/ chrome \/bin\/answer.py?hl=pl&amp;answer=95647 <\/span><\/span><\/span><\/span><br \/><span style=\"vertical-align: inherit;\"><span style=\"vertical-align: inherit;\"><span style=\"vertical-align: inherit;\"><span style=\"vertical-align: inherit;\">Safari: www.safari.helpmax.net\/pl\/oszczedzanie-czasu\/blokowanie-zawartosci\/.<\/span><\/span><\/span><\/span><\/li>\r\n<li><span style=\"vertical-align: inherit;\"><span style=\"vertical-align: inherit;\"><span style=\"vertical-align: inherit;\"><span style=\"vertical-align: inherit;\">Operator Serwisu, \u017ce zmiana w atakach internetowych <\/span><\/span><\/span><\/span><br \/><span style=\"vertical-align: inherit;\"><span style=\"vertical-align: inherit;\"><span style=\"vertical-align: inherit;\"><span style=\"vertical-align: inherit;\">mo\u017ce powodowa\u0107 skutki Stron Internetowych.<\/span><\/span><\/span><\/span><\/li>\r\n<\/ol>\r\n<p>[\/vc_column_text][\/vc_column][\/vc_row]<\/p>","protected":false},"excerpt":{"rendered":"<p>[vc_row][vc_column][vc_column_text] Polityka prywatno\u015bci Polityka prywatno\u015bci serwisu tubilet.online Informacje og\u00f3lne dotycz\u0105ce danych Polityka prywatno\u015bci zawiera zasady stosowania i ochrony os\u00f3b udost\u0119pnianych przez u\u017cytkownik\u00f3w w zwi\u0105zku z&hellip;<\/p>\n<p><a href=\"https:\/\/tubilet.online\/aicon\/polityka-prywatnosci\/\" class=\"read-more-link\"><span class=\"read-more-icon\"><\/span>Read more<\/a><\/p>\n","protected":false},"author":1,"featured_media":0,"parent":0,"menu_order":0,"comment_status":"closed","ping_status":"closed","template":"","meta":{"footnotes":""},"jetpack_sharing_enabled":true,"_links":{"self":[{"href":"https:\/\/tubilet.online\/aicon\/wp-json\/wp\/v2\/pages\/879"}],"collection":[{"href":"https:\/\/tubilet.online\/aicon\/wp-json\/wp\/v2\/pages"}],"about":[{"href":"https:\/\/tubilet.online\/aicon\/wp-json\/wp\/v2\/types\/page"}],"author":[{"embeddable":true,"href":"https:\/\/tubilet.online\/aicon\/wp-json\/wp\/v2\/users\/1"}],"replies":[{"embeddable":true,"href":"https:\/\/tubilet.online\/aicon\/wp-json\/wp\/v2\/comments?post=879"}],"version-history":[{"count":5,"href":"https:\/\/tubilet.online\/aicon\/wp-json\/wp\/v2\/pages\/879\/revisions"}],"predecessor-version":[{"id":8994,"href":"https:\/\/tubilet.online\/aicon\/wp-json\/wp\/v2\/pages\/879\/revisions\/8994"}],"wp:attachment":[{"href":"https:\/\/tubilet.online\/aicon\/wp-json\/wp\/v2\/media?parent=879"}],"curies":[{"name":"wp","href":"https:\/\/api.w.org\/{rel}","templated":true}]}}