{"id":8,"date":"2023-08-28T23:29:17","date_gmt":"2023-08-28T21:29:17","guid":{"rendered":"https:\/\/tubilet.online\/tsuru\/?page_id=8"},"modified":"2023-09-30T18:20:32","modified_gmt":"2023-09-30T16:20:32","slug":"polityka-zwroty","status":"publish","type":"page","link":"https:\/\/tubilet.online\/aicon\/polityka-zwroty\/","title":{"rendered":"Polityka zwrot\u00f3w"},"content":{"rendered":"<p><strong>Sytuacje w kt\u00f3rych mog\u0119 zwr\u00f3ci\u0107 bilet<\/strong><\/p>\n<ul>\n<li>Wydarzenie przeniesione<\/li>\n<li>Wydarzenie odwo\u0142ane<\/li>\n<\/ul>\n<p><strong>Je\u017celi termin wydarzenia, na kt\u00f3re masz bilety, uleg\u0142 zmianie, napisz do nas w tej<\/strong><br \/>\n<strong>sprawie na tsuru.bilet@gmail.com a otrzymasz od nas wiadomo\u015b\u0107 z instrukcjami, jak:<\/strong><\/p>\n<ul>\n<li>zachowa\u0107 bilety<\/li>\n<li>wzi\u0105\u0107 udzia\u0142 w wydarzeniu w nowej dacie<\/li>\n<li>zwr\u00f3ci\u0107 bilety.<\/li>\n<\/ul>\n<p><strong>Je\u017celi nie mo\u017cesz znale\u017a\u0107 maila od nas, sprawd\u017a dok\u0142adnie wszystkie foldery \u2013 w<\/strong><br \/>\n<strong>szczeg\u00f3lno\u015bci spam, powiadomienia lub inne. Nasze wiadomo\u015bci mog\u0142y tam trafi\u0107.<\/strong><\/p>\n<p><strong>Je\u017celi wydarzenie, na kt\u00f3re masz bilety, zosta\u0142o odwo\u0142ane, napisz do nas w tej<\/strong><br \/>\n<strong>sprawie na tsuru.bilet@gmail.com W mailu zwrotnym znajdziesz informacj\u0119 co zrobi\u0107<\/strong><br \/>\n<strong>by otrzyma\u0107 zwrot.<\/strong><br \/>\n<strong>W wi\u0119kszo\u015bci przypadk\u00f3w zwrot nast\u0119puje:<\/strong><\/p>\n<ul>\n<li>w ci\u0105gu 14 dni \u2013 w przypadku standardowego odwo\u0142ania<\/li>\n<li>w ci\u0105gu 180 dni \u2013 je\u015bli odwo\u0142anie jest spowodowane COVID (art. 15zp ustawy<br \/>\nz dnia 2 marca 2020 r. o szczeg\u00f3lnych rozwi\u0105zaniach zwi\u0105zanych z<br \/>\nzapobieganiem, przeciwdzia\u0142aniem i zwalczaniem COVID-19, innych chor\u00f3b<br \/>\nzaka\u017anych oraz wywo\u0142anych nimi sytuacji kryzysowych oraz niekt\u00f3rych innych<br \/>\nustaw (Dz. U. z 2020 r. poz. 374, 567, 568)<\/li>\n<\/ul>\n","protected":false},"excerpt":{"rendered":"<p>Sytuacje w kt\u00f3rych mog\u0119 zwr\u00f3ci\u0107 bilet Wydarzenie przeniesione Wydarzenie odwo\u0142ane Je\u017celi termin wydarzenia, na kt\u00f3re masz bilety, uleg\u0142 zmianie, napisz do nas w tej sprawie&hellip;<\/p>\n<p><a href=\"https:\/\/tubilet.online\/aicon\/polityka-zwroty\/\" class=\"read-more-link\"><span class=\"read-more-icon\"><\/span>Read more<\/a><\/p>\n","protected":false},"author":1,"featured_media":0,"parent":0,"menu_order":0,"comment_status":"closed","ping_status":"closed","template":"","meta":{"footnotes":""},"jetpack_sharing_enabled":true,"_links":{"self":[{"href":"https:\/\/tubilet.online\/aicon\/wp-json\/wp\/v2\/pages\/8"}],"collection":[{"href":"https:\/\/tubilet.online\/aicon\/wp-json\/wp\/v2\/pages"}],"about":[{"href":"https:\/\/tubilet.online\/aicon\/wp-json\/wp\/v2\/types\/page"}],"author":[{"embeddable":true,"href":"https:\/\/tubilet.online\/aicon\/wp-json\/wp\/v2\/users\/1"}],"replies":[{"embeddable":true,"href":"https:\/\/tubilet.online\/aicon\/wp-json\/wp\/v2\/comments?post=8"}],"version-history":[{"count":6,"href":"https:\/\/tubilet.online\/aicon\/wp-json\/wp\/v2\/pages\/8\/revisions"}],"predecessor-version":[{"id":4289,"href":"https:\/\/tubilet.online\/aicon\/wp-json\/wp\/v2\/pages\/8\/revisions\/4289"}],"wp:attachment":[{"href":"https:\/\/tubilet.online\/aicon\/wp-json\/wp\/v2\/media?parent=8"}],"curies":[{"name":"wp","href":"https:\/\/api.w.org\/{rel}","templated":true}]}}